{"id":1012,"date":"2021-12-02T15:25:56","date_gmt":"2021-12-02T15:25:56","guid":{"rendered":"https:\/\/www.1fark.com\/?post_type=product&#038;p=1012"},"modified":"2024-11-07T00:22:11","modified_gmt":"2024-11-07T00:22:11","slug":"ahsap-dekoratif-yilbasi-agaci-ve-susleri-set","status":"publish","type":"product","link":"https:\/\/1fark.com\/en\/product\/ahsap-dekoratif-yilbasi-agaci-ve-susleri-set\/","title":{"rendered":"Ah\u015fap Dekoratif Y\u0131lba\u015f\u0131 A\u011fac\u0131 ve S\u00fcsleri Set"},"content":{"rendered":"<ul id=\"content-descriptions-list\">\n<li>3mm hu\u015f kontraplak lazer kesim olarak \u00fcretilmi\u015ftir.<\/li>\n<li>Akrilik boya ile boyanm\u0131\u015ft\u0131r.<\/li>\n<li>Yerli \u00fcretimdir. Tasar\u0131m ve\u00fcretim markam\u0131za tescilidir.<\/li>\n<li>Kesilmi\u015f plaka demonte olarak sat\u0131lmaktad\u0131r.<\/li>\n<li>Kenar r\u00f6tu\u015flar\u0131 i\u00e7in boya seti ile beraber sat\u0131lmaktad\u0131r.<\/li>\n<li>Ask\u0131 ipleri \u00fcr\u00fcn\u00fcn i\u00e7inde bulunmaktad\u0131r.<\/li>\n<li>\u00dcr\u00fcn \u00f6l\u00e7\u00fcs\u00fc y\u00fckseklik:70 cm taban: 55 cm dir.<\/li>\n<li>Toplam 28 adet s\u00fcs ile beraber set halindedir. \u00c7an, elmas, top, kalp, \u00e7am ve kar tanesi olarak 7 model s\u00fcsten 4\u2019er adet alt\u0131n, g\u00fcm\u00fc\u015f, metalik k\u0131rm\u0131z\u0131 ve metalik beyaz olarak 4\u2019er renk olarak sat\u0131lmaktad\u0131r.<\/li>\n<\/ul>","protected":false},"excerpt":{"rendered":"<ul>\n<li>Demonte olarak sat\u0131lan a\u011fa\u00e7 ve s\u00fcsleri ile kendi a\u011fac\u0131m\u0131z\u0131 kendimiz yaratal\u0131m.<\/li>\n<li>Ah\u015fab\u0131n do\u011fall\u0131\u011f\u0131 ve uzun \u00f6m\u00fcrl\u00fcl\u00fc\u011f\u00fc ile do\u011faya d\u00f6nerek do\u011fay\u0131 koruyal\u0131m.<\/li>\n<li>Hem keyifli zaman ge\u00e7irelim hem de kendi eme\u011fimiz ile evimizi s\u00fcsleyelim<\/li>\n<\/ul>","protected":false},"featured_media":3634,"comment_status":"open","ping_status":"closed","template":"","meta":[],"_links":{"self":[{"href":"https:\/\/1fark.com\/en\/wp-json\/wp\/v2\/product\/1012"}],"collection":[{"href":"https:\/\/1fark.com\/en\/wp-json\/wp\/v2\/product"}],"about":[{"href":"https:\/\/1fark.com\/en\/wp-json\/wp\/v2\/types\/product"}],"replies":[{"embeddable":true,"href":"https:\/\/1fark.com\/en\/wp-json\/wp\/v2\/comments?post=1012"}],"wp:featuredmedia":[{"embeddable":true,"href":"https:\/\/1fark.com\/en\/wp-json\/wp\/v2\/media\/3634"}],"wp:attachment":[{"href":"https:\/\/1fark.com\/en\/wp-json\/wp\/v2\/media?parent=1012"}],"curies":[{"name":"wp","href":"https:\/\/api.w.org\/{rel}","templated":true}]}}