{"id":1033,"date":"2021-12-02T16:11:55","date_gmt":"2021-12-02T16:11:55","guid":{"rendered":"https:\/\/www.1fark.com\/?post_type=product&#038;p=1033"},"modified":"2025-05-24T20:58:29","modified_gmt":"2025-05-24T20:58:29","slug":"ahsap-kar-tanesi-supla-sofra-seti-beyaz","status":"publish","type":"product","link":"https:\/\/1fark.com\/en\/product\/ahsap-kar-tanesi-supla-sofra-seti-beyaz\/","title":{"rendered":"Ah\u015fap Kar Tanesi Supla"},"content":{"rendered":"<ul>\n<li>3 mm boyal\u0131 MDF den lazer kesim olarak \u00fcretilmi\u015ftir.<\/li>\n<li>Yerli \u00fcretimdir. Tasar\u0131m ve \u00fcretim markam\u0131za tescillidir.<\/li>\n<li>Y\u0131kanmaz, silinebilir.<\/li>\n<li>\u00d6l\u00e7\u00fc:28 cm<\/li>\n<\/ul>","protected":false},"excerpt":{"rendered":"<ul>\n<li>\u00d6zellikle y\u0131lba\u015f\u0131 sofralar\u0131n\u0131zda<\/li>\n<li>Size \u00f6zel tasar\u0131m \u00fcr\u00fcnlerimizle fark yarat\u0131n.<\/li>\n<\/ul>","protected":false},"featured_media":3636,"comment_status":"open","ping_status":"closed","template":"","meta":[],"_links":{"self":[{"href":"https:\/\/1fark.com\/en\/wp-json\/wp\/v2\/product\/1033"}],"collection":[{"href":"https:\/\/1fark.com\/en\/wp-json\/wp\/v2\/product"}],"about":[{"href":"https:\/\/1fark.com\/en\/wp-json\/wp\/v2\/types\/product"}],"replies":[{"embeddable":true,"href":"https:\/\/1fark.com\/en\/wp-json\/wp\/v2\/comments?post=1033"}],"wp:featuredmedia":[{"embeddable":true,"href":"https:\/\/1fark.com\/en\/wp-json\/wp\/v2\/media\/3636"}],"wp:attachment":[{"href":"https:\/\/1fark.com\/en\/wp-json\/wp\/v2\/media?parent=1033"}],"curies":[{"name":"wp","href":"https:\/\/api.w.org\/{rel}","templated":true}]}}