{"id":1090,"date":"2021-12-06T17:43:04","date_gmt":"2021-12-06T17:43:04","guid":{"rendered":"https:\/\/www.1fark.com\/?post_type=product&#038;p=1090"},"modified":"2025-05-29T03:01:10","modified_gmt":"2025-05-29T03:01:10","slug":"ahsap-kar-tanesi-pecete-halkasi","status":"publish","type":"product","link":"https:\/\/1fark.com\/en\/product\/ahsap-kar-tanesi-pecete-halkasi\/","title":{"rendered":"Ah\u015fap Kar Tanesi Pe\u00e7ete Halkas\u0131"},"content":{"rendered":"<table>\n<tbody>\n<tr>\n<td class=\"no-border\">\n<div id=\"productDescriptionContent\">\n<ul>\n<li>3 mm boyal\u0131 MDF den lazer kesim olarak \u00fcretilmi\u015ftir.<\/li>\n<li>Yerli \u00fcretimdir. Tasar\u0131m ve \u00fcretim markam\u0131za tescillidir.<\/li>\n<li>Y\u0131kanmaz,silinebilir.<\/li>\n<li>\u00d6l\u00e7\u00fc:5 cm<\/li>\n<\/ul>\n<\/div>\n<\/td>\n<\/tr>\n<\/tbody>\n<\/table>","protected":false},"excerpt":{"rendered":"<p>\u00d6zellikle y\u0131lba\u015f\u0131 sofralar\u0131n\u0131zda<\/p>\n<p>Size \u00f6zel tasar\u0131m \u00fcr\u00fcnlerimizle fark yarat\u0131n.<\/p>","protected":false},"featured_media":3692,"comment_status":"open","ping_status":"closed","template":"","meta":[],"_links":{"self":[{"href":"https:\/\/1fark.com\/en\/wp-json\/wp\/v2\/product\/1090"}],"collection":[{"href":"https:\/\/1fark.com\/en\/wp-json\/wp\/v2\/product"}],"about":[{"href":"https:\/\/1fark.com\/en\/wp-json\/wp\/v2\/types\/product"}],"replies":[{"embeddable":true,"href":"https:\/\/1fark.com\/en\/wp-json\/wp\/v2\/comments?post=1090"}],"wp:featuredmedia":[{"embeddable":true,"href":"https:\/\/1fark.com\/en\/wp-json\/wp\/v2\/media\/3692"}],"wp:attachment":[{"href":"https:\/\/1fark.com\/en\/wp-json\/wp\/v2\/media?parent=1090"}],"curies":[{"name":"wp","href":"https:\/\/api.w.org\/{rel}","templated":true}]}}