{"id":1480,"date":"2021-12-14T10:52:15","date_gmt":"2021-12-14T10:52:15","guid":{"rendered":"https:\/\/www.1fark.com\/?post_type=product&#038;p=1480"},"modified":"2024-11-07T00:17:44","modified_gmt":"2024-11-07T00:17:44","slug":"ahsap-ozel-tasarim-mumluk-saksi","status":"publish","type":"product","link":"https:\/\/1fark.com\/en\/product\/ahsap-ozel-tasarim-mumluk-saksi\/","title":{"rendered":"Ah\u015fap \u00d6zel Tasar\u0131m dekoratif Mumluk- Fanus"},"content":{"rendered":"<ul id=\"content-descriptions-list\">\n<li>3mm boyal\u0131 ve kaplamal\u0131 mdf den lazer kesim ile \u00fcretilmi\u015ftir.<\/li>\n<li>Yerli \u00fcretimdir. Tasar\u0131m ve \u00fcretim markam\u0131za tescillidir.<\/li>\n<li>Is\u0131ya dayan\u0131kl\u0131 olup yanmaz ve alev almayacak \u015fekilde tasarlanm\u0131\u015ft\u0131r.<\/li>\n<li>Tea-light mumlar i\u00e7in uygundur. K\u00fc\u00e7\u00fck boy bitkiler i\u00e7in saks\u0131 olarak da kullan\u0131labilir.<\/li>\n<li>\u00d6l\u00e7\u00fc: 14x14x14 cm<\/li>\n<li>Demonte olarak sat\u0131lmaktad\u0131r. Ge\u00e7me sistem olarak monte edilir. Montaj i\u00e7in herhangi bir yap\u0131\u015ft\u0131r\u0131c\u0131 veya ba\u011flant\u0131 eleman\u0131na gerek yoktur.<\/li>\n<li>Farkl\u0131 renk se\u00e7enekleri mevcuttur.<\/li>\n<li>Fanus ve \u00c7i\u00e7ek olmak \u00fczere iki farkl\u0131 modeli bulunmaktad\u0131r.<\/li>\n<\/ul>\n<div class=\"all-features\"><\/div>","protected":false},"excerpt":{"rendered":"<p>I\u015f\u0131k duvarlar\u0131n\u0131zda dans etsin<\/p>\n<p>\u0130ster mumluk ister saks\u0131<\/p>\n<p>Kendi \u00fcr\u00fcn\u00fcn\u00fcz\u00fc kendiniz yap\u0131n<\/p>\n<p>Hem e\u011flenerek zaman ge\u00e7irin hem de kullan\u0131m\u0131n keyfini ya\u015fay\u0131n<\/p>","protected":false},"featured_media":3643,"comment_status":"open","ping_status":"closed","template":"","meta":[],"_links":{"self":[{"href":"https:\/\/1fark.com\/en\/wp-json\/wp\/v2\/product\/1480"}],"collection":[{"href":"https:\/\/1fark.com\/en\/wp-json\/wp\/v2\/product"}],"about":[{"href":"https:\/\/1fark.com\/en\/wp-json\/wp\/v2\/types\/product"}],"replies":[{"embeddable":true,"href":"https:\/\/1fark.com\/en\/wp-json\/wp\/v2\/comments?post=1480"}],"wp:featuredmedia":[{"embeddable":true,"href":"https:\/\/1fark.com\/en\/wp-json\/wp\/v2\/media\/3643"}],"wp:attachment":[{"href":"https:\/\/1fark.com\/en\/wp-json\/wp\/v2\/media?parent=1480"}],"curies":[{"name":"wp","href":"https:\/\/api.w.org\/{rel}","templated":true}]}}