{"id":1686,"date":"2022-12-01T08:58:15","date_gmt":"2022-12-01T08:58:15","guid":{"rendered":"https:\/\/www.1fark.com\/?post_type=product&#038;p=1686"},"modified":"2024-09-01T09:56:16","modified_gmt":"2024-09-01T09:56:16","slug":"4lu-set-karisik","status":"publish","type":"product","link":"https:\/\/1fark.com\/en\/product\/4lu-set-karisik\/","title":{"rendered":"Ah\u015fap Y\u0131lba\u015f\u0131 S\u00fcsleri &#8211; 4&#8217;l\u00fc Kar\u0131\u015f\u0131k Set"},"content":{"rendered":"<p>* 3mm mdf lazer kesim olarak \u00fcretilmi\u015ftir.<\/p>\n<p>* 3 l\u00fc set olarak sat\u0131lmaktad\u0131r. Pakette farkl\u0131 model ayn\u0131 renk fig\u00fcrden 4 adet, toplam 7 adet s\u00fcs bulunmaktad\u0131r.<\/p>\n<p>* K\u0131rm\u0131z\u0131, Beyaz, Ah\u015fap renk alternatifleri bulunmaktad\u0131r.<\/p>\n<p>* \u00dcr\u00fcn \u00f6l\u00e7\u00fcs\u00fc 10&#215;10 cm dir.<\/p>\n<p>* \u0130\u00e7 mekan i\u00e7in uygundur.<\/p>\n<p>* Y\u0131kanmaz, silinebilir.<\/p>","protected":false},"excerpt":{"rendered":"<p>A\u011fac\u0131n\u0131z ve siz yeni y\u0131l\u0131 daha mutlu kar\u015f\u0131lay\u0131n!<\/p>","protected":false},"featured_media":1691,"comment_status":"open","ping_status":"closed","template":"","meta":[],"_links":{"self":[{"href":"https:\/\/1fark.com\/en\/wp-json\/wp\/v2\/product\/1686"}],"collection":[{"href":"https:\/\/1fark.com\/en\/wp-json\/wp\/v2\/product"}],"about":[{"href":"https:\/\/1fark.com\/en\/wp-json\/wp\/v2\/types\/product"}],"replies":[{"embeddable":true,"href":"https:\/\/1fark.com\/en\/wp-json\/wp\/v2\/comments?post=1686"}],"wp:featuredmedia":[{"embeddable":true,"href":"https:\/\/1fark.com\/en\/wp-json\/wp\/v2\/media\/1691"}],"wp:attachment":[{"href":"https:\/\/1fark.com\/en\/wp-json\/wp\/v2\/media?parent=1686"}],"curies":[{"name":"wp","href":"https:\/\/api.w.org\/{rel}","templated":true}]}}