{"id":1694,"date":"2022-12-01T09:30:18","date_gmt":"2022-12-01T09:30:18","guid":{"rendered":"https:\/\/www.1fark.com\/?post_type=product&#038;p=1694"},"modified":"2025-12-19T14:02:08","modified_gmt":"2025-12-19T14:02:08","slug":"ozel-tasarim-fener-mumluk","status":"publish","type":"product","link":"https:\/\/1fark.com\/en\/product\/ozel-tasarim-fener-mumluk\/","title":{"rendered":"\u00d6zel Tasar\u0131m Fener Mumluk"},"content":{"rendered":"<ul>\n<li>3mm boyal\u0131 ve kaplamal\u0131 mdf den lazer kesim ile \u00fcretilmi\u015ftir.<\/li>\n<li>Yerli \u00fcretimdir.<\/li>\n<li>Tasar\u0131m ve \u00fcretim markam\u0131za tescillidir.<\/li>\n<li>Is\u0131ya dayan\u0131kl\u0131 olup yanmaz ve alev almayacak \u015fekilde tasarlanm\u0131\u015ft\u0131r.<\/li>\n<li>Tea-light mumlar i\u00e7in uygundur.<\/li>\n<li>\u00d6l\u00e7\u00fc: 17x13x13 cm<\/li>\n<\/ul>","protected":false},"excerpt":{"rendered":"<p>I\u015f\u0131k duvarlar\u0131n\u0131zda dans etsin<\/p>","protected":false},"featured_media":3653,"comment_status":"open","ping_status":"closed","template":"","meta":[],"_links":{"self":[{"href":"https:\/\/1fark.com\/en\/wp-json\/wp\/v2\/product\/1694"}],"collection":[{"href":"https:\/\/1fark.com\/en\/wp-json\/wp\/v2\/product"}],"about":[{"href":"https:\/\/1fark.com\/en\/wp-json\/wp\/v2\/types\/product"}],"replies":[{"embeddable":true,"href":"https:\/\/1fark.com\/en\/wp-json\/wp\/v2\/comments?post=1694"}],"wp:featuredmedia":[{"embeddable":true,"href":"https:\/\/1fark.com\/en\/wp-json\/wp\/v2\/media\/3653"}],"wp:attachment":[{"href":"https:\/\/1fark.com\/en\/wp-json\/wp\/v2\/media?parent=1694"}],"curies":[{"name":"wp","href":"https:\/\/api.w.org\/{rel}","templated":true}]}}