{"id":1728,"date":"2022-12-08T13:49:01","date_gmt":"2022-12-08T13:49:01","guid":{"rendered":"https:\/\/www.1fark.com\/?post_type=product&#038;p=1728"},"modified":"2024-11-07T00:12:48","modified_gmt":"2024-11-07T00:12:48","slug":"1-fark-masa-ustu-ahsap-telefon-tutuculu-kalemlik-seti-organizer","status":"publish","type":"product","link":"https:\/\/1fark.com\/en\/product\/1-fark-masa-ustu-ahsap-telefon-tutuculu-kalemlik-seti-organizer\/","title":{"rendered":"Masa \u00dcst\u00fc Ah\u015fap &#8211; Telefon Tutuculu Kalemlik Seti &#8211; Organizer"},"content":{"rendered":"<div>\n<ul>\n<li>Lazer kesim olarak \u00fcretilmi\u015ftir.<\/li>\n<li>Tek renktir.<\/li>\n<li>3mm Kaplamal\u0131 mdf malzeme kullan\u0131lm\u0131\u015ft\u0131r.<\/li>\n<li>\u00dcr\u00fcn \u00f6l\u00e7\u00fcs\u00fc 24x10x8 cm&#8217;dir.<\/li>\n<li>Set montelenmi\u015f bir \u015fekilde kargolanacak olup resimde g\u00f6r\u00fcnen ek \u00fcr\u00fcnler kargo i\u00e7erisine dahil de\u011fildir.<\/li>\n<li>*STOKLAR SINIRLIDIR*<\/li>\n<\/ul>\n<\/div>","protected":false},"excerpt":{"rendered":"<p>Masan\u0131z hem d\u00fczenli hem de mordern dursun!<\/p>","protected":false},"featured_media":3689,"comment_status":"open","ping_status":"closed","template":"","meta":[],"_links":{"self":[{"href":"https:\/\/1fark.com\/en\/wp-json\/wp\/v2\/product\/1728"}],"collection":[{"href":"https:\/\/1fark.com\/en\/wp-json\/wp\/v2\/product"}],"about":[{"href":"https:\/\/1fark.com\/en\/wp-json\/wp\/v2\/types\/product"}],"replies":[{"embeddable":true,"href":"https:\/\/1fark.com\/en\/wp-json\/wp\/v2\/comments?post=1728"}],"wp:featuredmedia":[{"embeddable":true,"href":"https:\/\/1fark.com\/en\/wp-json\/wp\/v2\/media\/3689"}],"wp:attachment":[{"href":"https:\/\/1fark.com\/en\/wp-json\/wp\/v2\/media?parent=1728"}],"curies":[{"name":"wp","href":"https:\/\/api.w.org\/{rel}","templated":true}]}}