{"id":1734,"date":"2022-12-08T14:08:35","date_gmt":"2022-12-08T14:08:35","guid":{"rendered":"https:\/\/www.1fark.com\/?post_type=product&#038;p=1734"},"modified":"2025-05-28T14:19:52","modified_gmt":"2025-05-28T14:19:52","slug":"1-fark-masa-ustu-ahsap-cekmeceli-postit-standi-postitli","status":"publish","type":"product","link":"https:\/\/1fark.com\/en\/product\/1-fark-masa-ustu-ahsap-cekmeceli-postit-standi-postitli\/","title":{"rendered":"1 Fark &#8211; Masa \u00dcst\u00fc Ah\u015fap &#8211; \u00c7ekmeceli Postit Stand\u0131 &#8211; Postit&#8217;li"},"content":{"rendered":"<ul>\n<li>Lazer kesim olarak \u00fcretilmi\u015ftir.<\/li>\n<li>3mm Kaplamal\u0131 mdf malzeme kullan\u0131lm\u0131\u015ft\u0131r.<\/li>\n<li>Tek renktir.<\/li>\n<li>\u00dcr\u00fcn \u00f6l\u00e7\u00fcs\u00fc 9x9x8 cm&#8217;dir.<\/li>\n<li>Set montelenmi\u015f bir \u015fekilde kargolanacak olup resimde g\u00f6r\u00fcnen ek \u00fcr\u00fcnler kargo i\u00e7erisine DAH\u0130LD\u0130R.<\/li>\n<li>*STOKLAR SINIRLIDIR*<\/li>\n<\/ul>","protected":false},"excerpt":{"rendered":"<p>Masan\u0131z hem d\u00fczenli hem de mordern dursun!<\/p>","protected":false},"featured_media":1736,"comment_status":"open","ping_status":"closed","template":"","meta":[],"_links":{"self":[{"href":"https:\/\/1fark.com\/en\/wp-json\/wp\/v2\/product\/1734"}],"collection":[{"href":"https:\/\/1fark.com\/en\/wp-json\/wp\/v2\/product"}],"about":[{"href":"https:\/\/1fark.com\/en\/wp-json\/wp\/v2\/types\/product"}],"replies":[{"embeddable":true,"href":"https:\/\/1fark.com\/en\/wp-json\/wp\/v2\/comments?post=1734"}],"wp:featuredmedia":[{"embeddable":true,"href":"https:\/\/1fark.com\/en\/wp-json\/wp\/v2\/media\/1736"}],"wp:attachment":[{"href":"https:\/\/1fark.com\/en\/wp-json\/wp\/v2\/media?parent=1734"}],"curies":[{"name":"wp","href":"https:\/\/api.w.org\/{rel}","templated":true}]}}