{"id":2008,"date":"2023-01-23T15:26:37","date_gmt":"2023-01-23T15:26:37","guid":{"rendered":"https:\/\/www.1fark.com\/?post_type=product&#038;p=2008"},"modified":"2024-11-06T23:52:49","modified_gmt":"2024-11-06T23:52:49","slug":"ahsap-yilbasi-susleri-geyik-3lu-set","status":"publish","type":"product","link":"https:\/\/1fark.com\/en\/product\/ahsap-yilbasi-susleri-geyik-3lu-set\/","title":{"rendered":"Ah\u015fap Y\u0131lba\u015f\u0131 S\u00fcsleri &#8211; Geyik 3&#8217;l\u00fc Set"},"content":{"rendered":"<ul>\n<li>3mm mdf lazer kesim olarak \u00fcretilmi\u015ftir.<\/li>\n<li>3 l\u00fc set olarak sat\u0131lmaktad\u0131r. Pakette farkl\u0131 model ayn\u0131 renk fig\u00fcrden 4 adet, toplam 7 adet s\u00fcs bulunmaktad\u0131r.<\/li>\n<li>K\u0131rm\u0131z\u0131, Beyaz, Ah\u015fap renk alternatifleri bulunmaktad\u0131r.<\/li>\n<li>\u00dcr\u00fcn \u00f6l\u00e7\u00fcs\u00fc 10&#215;10 cm dir.<\/li>\n<li>\u0130\u00e7 mekan i\u00e7in uygundur.<\/li>\n<li>Y\u0131kanmaz, silinebilir.<\/li>\n<\/ul>","protected":false},"excerpt":{"rendered":"<p>A\u011fac\u0131n\u0131z ve siz yeni y\u0131l\u0131 daha mutlu kar\u015f\u0131lay\u0131n!<\/p>","protected":false},"featured_media":3673,"comment_status":"open","ping_status":"closed","template":"","meta":[],"_links":{"self":[{"href":"https:\/\/1fark.com\/en\/wp-json\/wp\/v2\/product\/2008"}],"collection":[{"href":"https:\/\/1fark.com\/en\/wp-json\/wp\/v2\/product"}],"about":[{"href":"https:\/\/1fark.com\/en\/wp-json\/wp\/v2\/types\/product"}],"replies":[{"embeddable":true,"href":"https:\/\/1fark.com\/en\/wp-json\/wp\/v2\/comments?post=2008"}],"wp:featuredmedia":[{"embeddable":true,"href":"https:\/\/1fark.com\/en\/wp-json\/wp\/v2\/media\/3673"}],"wp:attachment":[{"href":"https:\/\/1fark.com\/en\/wp-json\/wp\/v2\/media?parent=2008"}],"curies":[{"name":"wp","href":"https:\/\/api.w.org\/{rel}","templated":true}]}}