{"id":2056,"date":"2023-01-24T11:52:36","date_gmt":"2023-01-24T11:52:36","guid":{"rendered":"https:\/\/www.1fark.com\/?post_type=product&#038;p=2056"},"modified":"2024-11-06T23:49:50","modified_gmt":"2024-11-06T23:49:50","slug":"ahsap-emoji-bardak-altligi-6-li-set","status":"publish","type":"product","link":"https:\/\/1fark.com\/en\/product\/ahsap-emoji-bardak-altligi-6-li-set\/","title":{"rendered":"Ah\u015fap Emoji Bardak Altl\u0131\u011f\u0131 &#8211; 6&#8217;l\u0131 Set"},"content":{"rendered":"<ul>\n<li>3mm boyal\u0131 mdf den ve 3mm hu\u015f plywood dan alternatifli lazer kesim olarak \u00fcretilmi\u015ftir.<\/li>\n<li>6 farkl\u0131 fig\u00fcr ve ta\u015f\u0131y\u0131c\u0131 kaidesiyle birlikte set olarak sat\u0131lmaktad\u0131r.<\/li>\n<li>Yerli \u00fcretimdir. Tasar\u0131m ve \u00fcretim markam\u0131zca tescillidir.<\/li>\n<li>\u00d6l\u00e7\u00fcler: \u00e7ap: 9cm, kal\u0131nl\u0131k: 3mm<\/li>\n<li>Y\u0131kanmaz, silinebilir.<\/li>\n<li>\u00d6zel tasar\u0131m imalatlar yap\u0131labilir.<\/li>\n<li>\u00dcr\u00fcn\u00fcn 2 farkl\u0131 renk (beyaz, ah\u015fap) \u00fczerine 2 farkl\u0131 yap\u0131m \u015fekli (lazer kaz\u0131ma, lazer \u00e7izme) olarak 4 farkl\u0131 varyant\u0131 bulunmaktad\u0131r.<\/li>\n<li>\u00dcr\u00fcn\u00fcn alternatif renk ve model se\u00e7eneklerine ma\u011faza sayfam\u0131z\u0131 ziyaret ederek ula\u015fabilirsiniz.<\/li>\n<\/ul>\n<div><\/div>","protected":false},"excerpt":{"rendered":"<p>E\u011eLENCEL\u0130 ve DEKORAT\u0130F BARDAK ALTLIKLARINIZLA MASALARINIZ ve SOHBETLER\u0130N\u0130Z NE\u015eELENS\u0130N!!<\/p>","protected":false},"featured_media":3661,"comment_status":"open","ping_status":"closed","template":"","meta":[],"_links":{"self":[{"href":"https:\/\/1fark.com\/en\/wp-json\/wp\/v2\/product\/2056"}],"collection":[{"href":"https:\/\/1fark.com\/en\/wp-json\/wp\/v2\/product"}],"about":[{"href":"https:\/\/1fark.com\/en\/wp-json\/wp\/v2\/types\/product"}],"replies":[{"embeddable":true,"href":"https:\/\/1fark.com\/en\/wp-json\/wp\/v2\/comments?post=2056"}],"wp:featuredmedia":[{"embeddable":true,"href":"https:\/\/1fark.com\/en\/wp-json\/wp\/v2\/media\/3661"}],"wp:attachment":[{"href":"https:\/\/1fark.com\/en\/wp-json\/wp\/v2\/media?parent=2056"}],"curies":[{"name":"wp","href":"https:\/\/api.w.org\/{rel}","templated":true}]}}