{"id":2499,"date":"2023-01-28T14:49:03","date_gmt":"2023-01-28T14:49:03","guid":{"rendered":"https:\/\/www.1fark.com\/?post_type=product&#038;p=2499"},"modified":"2024-11-05T21:22:33","modified_gmt":"2024-11-05T21:22:33","slug":"wooden-christmas-tree","status":"publish","type":"product","link":"https:\/\/1fark.com\/en\/product\/wooden-christmas-tree\/","title":{"rendered":"Wooden Christmas Tree"},"content":{"rendered":"<p>3 mm MDF den lazer kesim olarak \u00fcretilmi\u015ftir.<\/p>\n<p>A\u011fac\u0131n dekoratif boyalar\u0131 el yap\u0131md\u0131r.<\/p>\n<p>Masif cilal\u0131 kaide \u00fczerine oturtulmu\u015ftur.<\/p>\n<p>A\u011fac\u0131n boyamas\u0131 \u00e7ift tarafl\u0131d\u0131r. Bu nedenle \u00f6n ve arka y\u00fczeyi ayn\u0131d\u0131r.<\/p>\n<p>\u00d6l\u00e7\u00fc: 28\u00a0<span id=\"selectionBoundary_1636095849882_14932301969889838\" class=\"rangySelectionBoundary\"><\/span>x 20 cm<\/p>","protected":false},"excerpt":{"rendered":"<p>Masan\u0131z\u0131 y\u0131lba\u015f\u0131nda bo\u015f b\u0131rakmay\u0131n.<\/p>","protected":false},"featured_media":3635,"comment_status":"open","ping_status":"closed","template":"","meta":[],"_links":{"self":[{"href":"https:\/\/1fark.com\/en\/wp-json\/wp\/v2\/product\/2499"}],"collection":[{"href":"https:\/\/1fark.com\/en\/wp-json\/wp\/v2\/product"}],"about":[{"href":"https:\/\/1fark.com\/en\/wp-json\/wp\/v2\/types\/product"}],"replies":[{"embeddable":true,"href":"https:\/\/1fark.com\/en\/wp-json\/wp\/v2\/comments?post=2499"}],"wp:featuredmedia":[{"embeddable":true,"href":"https:\/\/1fark.com\/en\/wp-json\/wp\/v2\/media\/3635"}],"wp:attachment":[{"href":"https:\/\/1fark.com\/en\/wp-json\/wp\/v2\/media?parent=2499"}],"curies":[{"name":"wp","href":"https:\/\/api.w.org\/{rel}","templated":true}]}}