{"id":3155,"date":"2023-04-24T12:21:13","date_gmt":"2023-04-24T12:21:13","guid":{"rendered":"https:\/\/www.1fark.com\/?post_type=product&#038;p=3155"},"modified":"2024-11-05T19:30:17","modified_gmt":"2024-11-05T19:30:17","slug":"cicek-sepeti","status":"publish","type":"product","link":"https:\/\/1fark.com\/en\/product\/cicek-sepeti\/","title":{"rendered":"\u00d6zel Tasar\u0131m Ah\u015fap \u00c7i\u00e7ek Sepeti"},"content":{"rendered":"<ul>\n<li>4 mm Kay\u0131n Kontrplak plakadan lazer kesim ile \u00fcretilmi\u015ftir.<\/li>\n<li>\u00dczerindeki \u015fekiller bask\u0131 de\u011fil lazer kaz\u0131ma ile yap\u0131lm\u0131\u015ft\u0131r.<\/li>\n<li>Sa\u011fl\u0131\u011fa zararl\u0131 boya, cila i\u00e7ermez.<\/li>\n<li>Tasar\u0131m ve \u00fcretim markam\u0131zca tescillidir.<\/li>\n<li>\u00dcr\u00fcn y\u0131kanmamal\u0131, silinerek temizlenmeye uygundur.<\/li>\n<li>\u00c7i\u00e7eklerin \u00f6l\u00e7\u00fcleri de\u011fi\u015fkenlik g\u00f6stermektedir. \u00dcr\u00fcn \u00f6l\u00e7\u00fcleri 36 cm x 15 cm x 3 cm&#8217;dir.<\/li>\n<li>Kargo i\u00e7erisinde 6 adet farkl\u0131 model ah\u015fap \u00e7i\u00e7ek ve saks\u0131 bulunmaktad\u0131r.<\/li>\n<li>\u00dcr\u00fcn\u00fcn 3 farkl\u0131 saks\u0131 modeli (desenli, desensiz ve boya setli) bulunmaktad\u0131r. Desenli model size boyanmadan sadece \u00e7izilmi\u015f \u015fekilde g\u00f6nderilecektir. Kendi hediyenizi \u00f6zelle\u015ftirebilmeniz i\u00e7in \u00fcr\u00fcn\u00fcm\u00fcz boyanmaya uygundur.<\/li>\n<li>Daha fazla \u00f6zel tasar\u0131m \u00fcr\u00fcne ula\u015fmak i\u00e7in sat\u0131\u015f sayfam\u0131z\u0131 ziyaret edebilirsiniz.<\/li>\n<\/ul>","protected":false},"excerpt":{"rendered":"<p>VERECE\u011e\u0130N\u0130Z HED\u0130YEY\u0130 KEND\u0130N\u0130Z BOYAYIN!!<\/p>","protected":false},"featured_media":3625,"comment_status":"open","ping_status":"closed","template":"","meta":[],"_links":{"self":[{"href":"https:\/\/1fark.com\/en\/wp-json\/wp\/v2\/product\/3155"}],"collection":[{"href":"https:\/\/1fark.com\/en\/wp-json\/wp\/v2\/product"}],"about":[{"href":"https:\/\/1fark.com\/en\/wp-json\/wp\/v2\/types\/product"}],"replies":[{"embeddable":true,"href":"https:\/\/1fark.com\/en\/wp-json\/wp\/v2\/comments?post=3155"}],"wp:featuredmedia":[{"embeddable":true,"href":"https:\/\/1fark.com\/en\/wp-json\/wp\/v2\/media\/3625"}],"wp:attachment":[{"href":"https:\/\/1fark.com\/en\/wp-json\/wp\/v2\/media?parent=3155"}],"curies":[{"name":"wp","href":"https:\/\/api.w.org\/{rel}","templated":true}]}}