{"id":3174,"date":"2023-05-13T15:22:22","date_gmt":"2023-05-13T15:22:22","guid":{"rendered":"https:\/\/www.1fark.com\/?post_type=product&#038;p=3174"},"modified":"2024-11-05T19:28:04","modified_gmt":"2024-11-05T19:28:04","slug":"harf-anahtarlik","status":"publish","type":"product","link":"https:\/\/1fark.com\/en\/product\/harf-anahtarlik\/","title":{"rendered":"\u00d6zel Tasar\u0131m \u015eeffaf Pleksi Harf Anahtarl\u0131k"},"content":{"rendered":"<ul>\n<li>5 mm \u015feffaf pleksi-glass plakadan lazer kesim ile \u00fcretilmi\u015ftir.<\/li>\n<li>Harf g\u00f6rseli bask\u0131 de\u011fil lazer kaz\u0131ma ile yap\u0131lm\u0131\u015ft\u0131r.<\/li>\n<li>Sa\u011fl\u0131\u011fa zararl\u0131 boya, cila i\u00e7ermez.<\/li>\n<li>Tasar\u0131m ve \u00fcretim markam\u0131zca tescillidir.<\/li>\n<li>\u00dcr\u00fcn y\u0131kanarak veya silinerek temizlenmeye uygundur.<\/li>\n<li>\u00dcr\u00fcn \u00f6l\u00e7\u00fcs\u00fc 6&#215;6 cm dir.<\/li>\n<li>\u00dcr\u00fcn\u00fcn \u00fczerinde &#8216;Happy Birthday To You&#8217; (Do\u011fum G\u00fcn\u00fcn Kutlu Olsun) \u015fark\u0131s\u0131n\u0131n Spotify barkodu bulunmaktad\u0131r. Uygulama i\u00e7erisinden barkodu okutarak dinleyebilirsiniz.<\/li>\n<li><em>* \u00dcr\u00fcn \u00fczerindeki barkodda sizin sitedi\u011finiz\u00a0<strong>\u015eARKI-PLAYL\u0130ST-\u015eARKI L\u0130STES\u0130<\/strong>\u00a0bulunmas\u0131n\u0131 isterseniz sipari\u015f notunuza (Spotify&#8217;da bulunan) istedi\u011finiz \u015fark\u0131n\u0131z\u0131 bize sipari\u015f notundan iletebilirsiniz.*<\/em><\/li>\n<li>Kargo i\u00e7erisinde tek bir \u00fcr\u00fcn bulunmaktad\u0131r. \u00dcr\u00fcn karabina anahtarl\u0131\u011f\u0131 tak\u0131lm\u0131\u015f bir \u015fekilde teslim edilmektedir.<\/li>\n<li>Daha fazla \u00f6zel tasar\u0131m \u00fcr\u00fcne ula\u015fmak i\u00e7in sat\u0131\u015f sayfam\u0131z\u0131 ziyaret edebilirsiniz.<\/li>\n<\/ul>","protected":false},"excerpt":{"rendered":"<p>Par\u00e7an\u0131 veya \u00e7alma listeni anahtarl\u0131\u011f\u0131na y\u00fckleyelim !!!!!<br \/>\nDinlemek istedi\u011finiz par\u00e7ay\u0131 veya listenizi bize iletin anahtarl\u0131\u011f\u0131n\u0131z size \u00f6zel olsun!<\/p>","protected":false},"featured_media":3623,"comment_status":"open","ping_status":"closed","template":"","meta":[],"_links":{"self":[{"href":"https:\/\/1fark.com\/en\/wp-json\/wp\/v2\/product\/3174"}],"collection":[{"href":"https:\/\/1fark.com\/en\/wp-json\/wp\/v2\/product"}],"about":[{"href":"https:\/\/1fark.com\/en\/wp-json\/wp\/v2\/types\/product"}],"replies":[{"embeddable":true,"href":"https:\/\/1fark.com\/en\/wp-json\/wp\/v2\/comments?post=3174"}],"wp:featuredmedia":[{"embeddable":true,"href":"https:\/\/1fark.com\/en\/wp-json\/wp\/v2\/media\/3623"}],"wp:attachment":[{"href":"https:\/\/1fark.com\/en\/wp-json\/wp\/v2\/media?parent=3174"}],"curies":[{"name":"wp","href":"https:\/\/api.w.org\/{rel}","templated":true}]}}