{"id":3259,"date":"2023-05-17T07:41:00","date_gmt":"2023-05-17T07:41:00","guid":{"rendered":"https:\/\/www.1fark.com\/?post_type=product&#038;p=3259"},"modified":"2025-04-14T00:05:10","modified_gmt":"2025-04-14T00:05:10","slug":"kravat-askisi","status":"publish","type":"product","link":"https:\/\/1fark.com\/en\/product\/kravat-askisi\/","title":{"rendered":"\u00d6zel Tasar\u0131m Ah\u015fap Kravat Ask\u0131s\u0131"},"content":{"rendered":"<ul>\n<li>5 mm Kay\u0131n Kontra plakadan lazer kesim ile \u00fcretilmi\u015ftir.<\/li>\n<li>Sa\u011fl\u0131\u011fa zararl\u0131 boya, cila i\u00e7ermez.<\/li>\n<li>\u00dcr\u00fcn her \u00e7e\u015fit kravata uygun olarak dolaplar\u0131n\u0131za s\u0131\u011facak boyutlarda tasarlanm\u0131\u015ft\u0131r.<\/li>\n<li>Tasar\u0131m ve \u00fcretim markam\u0131zca tescillidir.<\/li>\n<li>\u00dcr\u00fcn y\u0131kanarak veya silinerek temizlenmeye uygundur.<\/li>\n<li>\u00dcr\u00fcn \u00f6l\u00e7\u00fcs\u00fc 50&#215;16 cm&#8217;dir.<\/li>\n<li>Kargo i\u00e7erisinde tek bir adet \u00fcr\u00fcn bulunmaktad\u0131r.<\/li>\n<li>Daha fazla \u00f6zel tasar\u0131m \u00fcr\u00fcne ula\u015fmak i\u00e7in sat\u0131\u015f sayfam\u0131z\u0131 ziyaret edebilirsiniz.<\/li>\n<\/ul>","protected":false},"excerpt":{"rendered":"<p>KRAVATLARINIZ DOLABINIZDA HEM D\u00dcZENL\u0130 HEM DE KIRI\u015eMADAN DURSUN, DOLAPLARINIZ NE\u015eELENS\u0130N!!!<\/p>","protected":false},"featured_media":3263,"comment_status":"open","ping_status":"closed","template":"","meta":[],"_links":{"self":[{"href":"https:\/\/1fark.com\/en\/wp-json\/wp\/v2\/product\/3259"}],"collection":[{"href":"https:\/\/1fark.com\/en\/wp-json\/wp\/v2\/product"}],"about":[{"href":"https:\/\/1fark.com\/en\/wp-json\/wp\/v2\/types\/product"}],"replies":[{"embeddable":true,"href":"https:\/\/1fark.com\/en\/wp-json\/wp\/v2\/comments?post=3259"}],"wp:featuredmedia":[{"embeddable":true,"href":"https:\/\/1fark.com\/en\/wp-json\/wp\/v2\/media\/3263"}],"wp:attachment":[{"href":"https:\/\/1fark.com\/en\/wp-json\/wp\/v2\/media?parent=3259"}],"curies":[{"name":"wp","href":"https:\/\/api.w.org\/{rel}","templated":true}]}}