{"id":3321,"date":"2023-07-04T13:49:43","date_gmt":"2023-07-04T13:49:43","guid":{"rendered":"https:\/\/www.1fark.com\/?post_type=product&#038;p=3321"},"modified":"2024-07-13T14:35:52","modified_gmt":"2024-07-13T14:35:52","slug":"yumurta-tutucu","status":"publish","type":"product","link":"https:\/\/1fark.com\/en\/product\/yumurta-tutucu\/","title":{"rendered":"\u00d6zel Tasar\u0131m Hayvan Fig\u00fcrl\u00fc Yumurta Tutucu"},"content":{"rendered":"<ul>\n<li>5 mm \u015feffaf pleksi-glass \/ hu\u015f kontra\u00a0plakadan lazer kesim ile \u00fcretilmi\u015ftir.<\/li>\n<li>Hayvan fig\u00fcrleri bask\u0131 de\u011fil lazer kaz\u0131ma ile yap\u0131lm\u0131\u015ft\u0131r.<\/li>\n<li>Sa\u011fl\u0131\u011fa zararl\u0131 boya, cila i\u00e7ermez.<\/li>\n<li>Tasar\u0131m ve \u00fcretim markam\u0131zca tescillidir.<\/li>\n<li>\u00dcr\u00fcn y\u0131kanarak veya silinerek temizlenmeye uygundur.<\/li>\n<li>\u00dcr\u00fcn \u00f6l\u00e7\u00fcs\u00fc 6x6x12 cm dir.<\/li>\n<li>\u00dcr\u00fcn 4&#8217;l\u00fc (Kedi, K\u00f6pek, Koala, \u0130nek) set olarak sat\u0131lmaktad\u0131r.<\/li>\n<li>Kargo i\u00e7erisinde d\u00f6rt adet \u00fcr\u00fcn bulunmaktad\u0131r.<\/li>\n<li>* Pleksi set se\u00e7ene\u011fini se\u00e7ti\u011finiz takdirde sadece 4&#8217;l\u00fc pleksi seti alm\u0131\u015f olursunuz.\u00a0*<\/li>\n<li>Daha fazla \u00f6zel tasar\u0131m \u00fcr\u00fcne ula\u015fmak i\u00e7in sat\u0131\u015f sayfam\u0131z\u0131 ziyaret edebilirsiniz.<\/li>\n<\/ul>","protected":false},"excerpt":{"rendered":"<p>\u00c7ocuklar\u0131n\u0131z i\u00e7in yumurta yemeyi e\u011flenceli hale getirin!!!<\/p>","protected":false},"featured_media":3258,"comment_status":"open","ping_status":"closed","template":"","meta":[],"_links":{"self":[{"href":"https:\/\/1fark.com\/en\/wp-json\/wp\/v2\/product\/3321"}],"collection":[{"href":"https:\/\/1fark.com\/en\/wp-json\/wp\/v2\/product"}],"about":[{"href":"https:\/\/1fark.com\/en\/wp-json\/wp\/v2\/types\/product"}],"replies":[{"embeddable":true,"href":"https:\/\/1fark.com\/en\/wp-json\/wp\/v2\/comments?post=3321"}],"wp:featuredmedia":[{"embeddable":true,"href":"https:\/\/1fark.com\/en\/wp-json\/wp\/v2\/media\/3258"}],"wp:attachment":[{"href":"https:\/\/1fark.com\/en\/wp-json\/wp\/v2\/media?parent=3321"}],"curies":[{"name":"wp","href":"https:\/\/api.w.org\/{rel}","templated":true}]}}