{"id":3470,"date":"2023-07-05T14:35:56","date_gmt":"2023-07-05T14:35:56","guid":{"rendered":"https:\/\/www.1fark.com\/?post_type=product&#038;p=3470"},"modified":"2024-12-02T17:45:58","modified_gmt":"2024-12-02T17:45:58","slug":"yilbasi-temali-mumluklar-3lu-set","status":"publish","type":"product","link":"https:\/\/1fark.com\/en\/product\/yilbasi-temali-mumluklar-3lu-set\/","title":{"rendered":"Y\u0131lba\u015f\u0131 Temal\u0131 Mumluklar &#8211; 3&#8217;l\u00fc Set"},"content":{"rendered":"<ul>\n<li>3 mm hu\u015f kontrplak lazer kesim olarak \u00fcretilmi\u015ftir.<\/li>\n<li>Yerli \u00fcretimdir.<\/li>\n<li>Kesilmi\u015f plaka demonte olarak sat\u0131lmaktad\u0131r.<\/li>\n<li>Paket i\u00e7erisinde 3 adet \u00fcr\u00fcn bulunmaktad\u0131r.<\/li>\n<li>\u00dcr\u00fcn \u00f6l\u00e7\u00fcs\u00fc 9x3x9 cm&#8217;dir.<\/li>\n<\/ul>","protected":false},"excerpt":{"rendered":"<p>Noel e\u011flencenize alevler e\u015flik etsin; hem kendinizi hem de \u00e7evrenizi ne\u015felendirin!!<\/p>","protected":false},"featured_media":3616,"comment_status":"open","ping_status":"closed","template":"","meta":[],"_links":{"self":[{"href":"https:\/\/1fark.com\/en\/wp-json\/wp\/v2\/product\/3470"}],"collection":[{"href":"https:\/\/1fark.com\/en\/wp-json\/wp\/v2\/product"}],"about":[{"href":"https:\/\/1fark.com\/en\/wp-json\/wp\/v2\/types\/product"}],"replies":[{"embeddable":true,"href":"https:\/\/1fark.com\/en\/wp-json\/wp\/v2\/comments?post=3470"}],"wp:featuredmedia":[{"embeddable":true,"href":"https:\/\/1fark.com\/en\/wp-json\/wp\/v2\/media\/3616"}],"wp:attachment":[{"href":"https:\/\/1fark.com\/en\/wp-json\/wp\/v2\/media?parent=3470"}],"curies":[{"name":"wp","href":"https:\/\/api.w.org\/{rel}","templated":true}]}}