{"id":3573,"date":"2023-11-22T10:40:37","date_gmt":"2023-11-22T10:40:37","guid":{"rendered":"https:\/\/www.1fark.com\/?post_type=product&#038;p=3573"},"modified":"2024-11-05T19:12:02","modified_gmt":"2024-11-05T19:12:02","slug":"ahsap-uc-boyutlu-yilbasi-susleri-melek-2-2","status":"publish","type":"product","link":"https:\/\/1fark.com\/en\/product\/ahsap-uc-boyutlu-yilbasi-susleri-melek-2-2\/","title":{"rendered":"Ah\u015fap \u00dc\u00e7 Boyutlu Y\u0131lba\u015f\u0131 S\u00fcsleri"},"content":{"rendered":"<p>* Yerli \u00fcretimdir. Markam\u0131za tescillidir.<br \/>\n* 3 katman olarak lazer kesim \u00fcretilmi\u015ftir.<br \/>\n* \u00dc\u00e7 boyutlu, tek y\u00f6nl\u00fcd\u00fcr.<br \/>\n* 1. katman do\u011fal ah\u015fap, 2. katman g\u00fcm\u00fc\u015f yald\u0131z boyal\u0131 mdf, 3. katman beyaz boyal\u0131 mdf dir.<br \/>\n* \u00dcr\u00fcn \u00f6l\u00e7\u00fcs\u00fc: 8&#215;8 cm dir. kal\u0131nl\u0131k 9 mm dir.<br \/>\n* 4&#8217;l\u00fc set olarak sat\u0131lmaktad\u0131r.<br \/>\n* Ask\u0131 ipleri paketin i\u00e7erisindedir.<\/p>","protected":false},"excerpt":{"rendered":"<p>* Yerli \u00fcretimdir. Markam\u0131za tescillidir.<br \/>\n* 3 katman olarak lazer kesim \u00fcretilmi\u015ftir.<br \/>\n* \u00dc\u00e7 boyutlu, tek y\u00f6nl\u00fcd\u00fcr.<br \/>\n* 1. katman do\u011fal ah\u015fap, 2. katman g\u00fcm\u00fc\u015f yald\u0131z boyal\u0131 mdf, 3. katman beyaz boyal\u0131 mdf dir.<br \/>\n* \u00dcr\u00fcn \u00f6l\u00e7\u00fcs\u00fc: 8&#215;8 cm dir. kal\u0131nl\u0131k 9 mm dir.<br \/>\n* 4&#8217;l\u00fc set olarak sat\u0131lmaktad\u0131r.<br \/>\n* Ask\u0131 ipleri paketin i\u00e7erisindedir.<\/p>","protected":false},"featured_media":3610,"comment_status":"open","ping_status":"closed","template":"","meta":[],"_links":{"self":[{"href":"https:\/\/1fark.com\/en\/wp-json\/wp\/v2\/product\/3573"}],"collection":[{"href":"https:\/\/1fark.com\/en\/wp-json\/wp\/v2\/product"}],"about":[{"href":"https:\/\/1fark.com\/en\/wp-json\/wp\/v2\/types\/product"}],"replies":[{"embeddable":true,"href":"https:\/\/1fark.com\/en\/wp-json\/wp\/v2\/comments?post=3573"}],"wp:featuredmedia":[{"embeddable":true,"href":"https:\/\/1fark.com\/en\/wp-json\/wp\/v2\/media\/3610"}],"wp:attachment":[{"href":"https:\/\/1fark.com\/en\/wp-json\/wp\/v2\/media?parent=3573"}],"curies":[{"name":"wp","href":"https:\/\/api.w.org\/{rel}","templated":true}]}}