{"id":3719,"date":"2024-11-11T10:34:13","date_gmt":"2024-11-11T10:34:13","guid":{"rendered":"https:\/\/www.1fark.com\/?post_type=product&#038;p=3719"},"modified":"2024-12-06T19:11:14","modified_gmt":"2024-12-06T19:11:14","slug":"yilbasi-temali-ozel-tasarim-seramik-kupa-noel-baba-figurlu","status":"publish","type":"product","link":"https:\/\/1fark.com\/en\/product\/yilbasi-temali-ozel-tasarim-seramik-kupa-noel-baba-figurlu\/","title":{"rendered":"Y\u0131lba\u015f\u0131 Temal\u0131 \u00d6zel Tasar\u0131m Seramik Kupa Noel Baba Fig\u00fcrl\u00fc"},"content":{"rendered":"","protected":false},"excerpt":{"rendered":"<p>&#8211; \u00d6zel tasar\u0131m\u0131yla dikkat \u00e7eken bu seramik kupa, y\u0131lba\u015f\u0131 temal\u0131 \u00f6zg\u00fcn bir hediye se\u00e7ene\u011fi sunar.; &#8211; T\u00fcrkiye&#8217;de \u00fcretilen bu \u00fcr\u00fcn, yerel \u00fcreticilerin kalitesini ve i\u015f\u00e7ili\u011fini yans\u0131t\u0131r.; Tasar\u0131m ve \u00fcretim markam\u0131zca tescillidir.; &#8211; Y\u00fcksek kaliteli seramik materyalden \u00fcretilmi\u015f olup, uzun \u00f6m\u00fcrl\u00fc kullan\u0131m vaat eder.; &#8211; Sublimasyon bask\u0131 olan kupalar makinede y\u0131kamaya (45 derece) uygundur.; &#8211; 340 ml hacmiyle ideal boyutlarda olan bu kupa, i\u00e7eceklerinizi keyifle yudumlaman\u0131z i\u00e7in tasarlanm\u0131\u015ft\u0131r.;<\/p>","protected":false},"featured_media":3717,"comment_status":"open","ping_status":"closed","template":"","meta":[],"_links":{"self":[{"href":"https:\/\/1fark.com\/en\/wp-json\/wp\/v2\/product\/3719"}],"collection":[{"href":"https:\/\/1fark.com\/en\/wp-json\/wp\/v2\/product"}],"about":[{"href":"https:\/\/1fark.com\/en\/wp-json\/wp\/v2\/types\/product"}],"replies":[{"embeddable":true,"href":"https:\/\/1fark.com\/en\/wp-json\/wp\/v2\/comments?post=3719"}],"wp:featuredmedia":[{"embeddable":true,"href":"https:\/\/1fark.com\/en\/wp-json\/wp\/v2\/media\/3717"}],"wp:attachment":[{"href":"https:\/\/1fark.com\/en\/wp-json\/wp\/v2\/media?parent=3719"}],"curies":[{"name":"wp","href":"https:\/\/api.w.org\/{rel}","templated":true}]}}