{"id":3736,"date":"2024-12-06T20:16:04","date_gmt":"2024-12-06T20:16:04","guid":{"rendered":"https:\/\/www.1fark.com\/?post_type=product&#038;p=3736"},"modified":"2025-11-01T11:39:35","modified_gmt":"2025-11-01T11:39:35","slug":"yilbasi-temali-ozel-tasarim-seramik-noel-baba-harfler","status":"publish","type":"product","link":"https:\/\/1fark.com\/en\/product\/yilbasi-temali-ozel-tasarim-seramik-noel-baba-harfler\/","title":{"rendered":"Y\u0131lba\u015f\u0131 Temal\u0131 \u00d6zel Tasar\u0131m Seramik &#8211; Noel Baba Harfler"},"content":{"rendered":"<p>&#8211; \u00d6zel tasar\u0131m\u0131yla dikkat \u00e7eken bu seramik kupa, y\u0131lba\u015f\u0131 temal\u0131 \u00f6zg\u00fcn bir hediye se\u00e7ene\u011fi sunar.; &#8211; T\u00fcrkiye&#8217;de \u00fcretilen bu \u00fcr\u00fcn, yerel \u00fcreticilerin kalitesini ve i\u015f\u00e7ili\u011fini yans\u0131t\u0131r.; Tasar\u0131m ve \u00fcretim markam\u0131zca tescillidir.; &#8211; Y\u00fcksek kaliteli seramik materyalden \u00fcretilmi\u015f olup, uzun \u00f6m\u00fcrl\u00fc kullan\u0131m vaat eder.; &#8211; Sublimasyon bask\u0131 olan kupalar makinede y\u0131kamaya (45 derece) uygundur.; &#8211; 340 ml hacmiyle ideal boyutlarda olan bu kupa, i\u00e7eceklerinizi keyifle yudumlaman\u0131z i\u00e7in tasarlanm\u0131\u015ft\u0131r.;<\/p>","protected":false},"excerpt":{"rendered":"<p>&#8211; \u00d6zel tasar\u0131m\u0131yla dikkat \u00e7eken bu seramik kupa, y\u0131lba\u015f\u0131 temal\u0131 \u00f6zg\u00fcn bir hediye se\u00e7ene\u011fi sunar.; &#8211; T\u00fcrkiye&#8217;de \u00fcretilen bu \u00fcr\u00fcn,&hellip;<\/p>","protected":false},"featured_media":3721,"comment_status":"open","ping_status":"closed","template":"","meta":[],"_links":{"self":[{"href":"https:\/\/1fark.com\/en\/wp-json\/wp\/v2\/product\/3736"}],"collection":[{"href":"https:\/\/1fark.com\/en\/wp-json\/wp\/v2\/product"}],"about":[{"href":"https:\/\/1fark.com\/en\/wp-json\/wp\/v2\/types\/product"}],"replies":[{"embeddable":true,"href":"https:\/\/1fark.com\/en\/wp-json\/wp\/v2\/comments?post=3736"}],"wp:featuredmedia":[{"embeddable":true,"href":"https:\/\/1fark.com\/en\/wp-json\/wp\/v2\/media\/3721"}],"wp:attachment":[{"href":"https:\/\/1fark.com\/en\/wp-json\/wp\/v2\/media?parent=3736"}],"curies":[{"name":"wp","href":"https:\/\/api.w.org\/{rel}","templated":true}]}}