{"id":469,"date":"2020-09-23T11:30:27","date_gmt":"2020-09-23T11:30:27","guid":{"rendered":"http:\/\/www.1fark.com\/?post_type=product&#038;p=469"},"modified":"2025-11-01T11:39:01","modified_gmt":"2025-11-01T11:39:01","slug":"tangram","status":"publish","type":"product","link":"https:\/\/1fark.com\/en\/product\/tangram\/","title":{"rendered":"Ah\u015fap E\u011fitici Oyuncak &#8211; Tangram &#8211; Fig\u00fcr ve \u00c7\u00f6z\u00fcm Kartl\u0131"},"content":{"rendered":"<ul>\n<li>10 ya\u015f ve \u00fczeri i\u00e7in uygundur.<\/li>\n<li>8 mm Masif ah\u015fap plaka kullan\u0131lm\u0131\u015ft\u0131r.<\/li>\n<li>Lazer kesim ile \u00fcretilmektedir.<\/li>\n<li>1mm kraft alt kaidesi bulunmaktad\u0131r. Kaidenin i\u00e7erisinde klavuz olarak par\u00e7a izleri mevcuttur.<\/li>\n<li>\u0130ster kaide i\u00e7inde, istenirse bo\u015f olarak oynanabilir.<\/li>\n<li>Toksik madde, koruyucu ve boya i\u00e7ermemektedir.<\/li>\n<li>Su bazl\u0131 y\u00fczey koruma uygulanm\u0131\u015ft\u0131r.<\/li>\n<li>Sa\u011fl\u0131\u011fa zararl\u0131 maddeler kesinlikle i\u00e7ermez.<\/li>\n<li>Y\u0131kanmaz; silinebilir.<\/li>\n<li>12cm x12 cm ebat\u0131ndad\u0131r.<\/li>\n<li>Yerli \u00fcretimdir.<\/li>\n<li>El ve zihin becerisi sa\u011flar.<\/li>\n<li>Konsantre olma, g\u00f6rsel haf\u0131zay\u0131 g\u00fc\u00e7lendirme, problem \u00e7\u00f6zme yetene\u011fini geli\u015ftirme ve \u00f6z g\u00fcven duygusunun geli\u015fimine katk\u0131 sa\u011flar.<\/li>\n<li>Boya setli se\u00e7ene\u011fi bulunmaktad\u0131r. Akrilik boya ile kendiniz istedi\u011finiz gibi boyayabilirsiniz.<\/li>\n<li>Setin i\u00e7inde oyuncak ile birlikte 15 adet fig\u00fcr kart\u0131 ve fig\u00fcrlerin \u00e7\u00f6z\u00fcm kartlar\u0131 bulunmaktad\u0131r. Bu kartlar \u00fcr\u00fcn ile ayn\u0131 \u00f6l\u00e7\u00fcde olup; yeni ba\u015flayanlar i\u00e7in kolayl\u0131k sa\u011flamas\u0131 a\u00e7\u0131s\u0131ndan \u015fablon olarak kullan\u0131lmaktad\u0131r.<\/li>\n<\/ul>\n<p><img loading=\"lazy\" class=\"alignnone size-large wp-image-1253\" src=\"https:\/\/www.1fark.com\/wp-content\/uploads\/2021\/03\/ETIKET-1024x512.jpg\" alt=\"\" width=\"1024\" height=\"512\" srcset=\"https:\/\/1fark.com\/wp-content\/uploads\/2021\/03\/ETIKET-1024x512.jpg 1024w, https:\/\/1fark.com\/wp-content\/uploads\/2021\/03\/ETIKET-300x150.jpg 300w, https:\/\/1fark.com\/wp-content\/uploads\/2021\/03\/ETIKET-768x384.jpg 768w, https:\/\/1fark.com\/wp-content\/uploads\/2021\/03\/ETIKET-600x300.jpg 600w, https:\/\/1fark.com\/wp-content\/uploads\/2021\/03\/ETIKET.jpg 1200w\" sizes=\"(max-width: 1024px) 100vw, 1024px\" \/><\/p>","protected":false},"excerpt":{"rendered":"<p>10 Adet fig\u00fcr kart\u0131 ile beraber set<\/p>\n<p>Fig\u00fcrlerin arka y\u00fcz\u00fcnde \u00e7\u00f6z\u00fcmler mevcuttur<\/p>\n<p>Fig\u00fcr boyutlar\u0131 ile pa\u00e7a boyutlar\u0131 ile ayn\u0131d\u0131r.<\/p>","protected":false},"featured_media":3698,"comment_status":"open","ping_status":"closed","template":"","meta":[],"_links":{"self":[{"href":"https:\/\/1fark.com\/en\/wp-json\/wp\/v2\/product\/469"}],"collection":[{"href":"https:\/\/1fark.com\/en\/wp-json\/wp\/v2\/product"}],"about":[{"href":"https:\/\/1fark.com\/en\/wp-json\/wp\/v2\/types\/product"}],"replies":[{"embeddable":true,"href":"https:\/\/1fark.com\/en\/wp-json\/wp\/v2\/comments?post=469"}],"wp:featuredmedia":[{"embeddable":true,"href":"https:\/\/1fark.com\/en\/wp-json\/wp\/v2\/media\/3698"}],"wp:attachment":[{"href":"https:\/\/1fark.com\/en\/wp-json\/wp\/v2\/media?parent=469"}],"curies":[{"name":"wp","href":"https:\/\/api.w.org\/{rel}","templated":true}]}}