{"id":500,"date":"2020-09-23T12:00:57","date_gmt":"2020-09-23T12:00:57","guid":{"rendered":"http:\/\/www.1fark.com\/?post_type=product&#038;p=500"},"modified":"2025-12-19T13:59:05","modified_gmt":"2025-12-19T13:59:05","slug":"limon","status":"publish","type":"product","link":"https:\/\/1fark.com\/en\/product\/limon\/","title":{"rendered":"Plywood-Masif Ah\u015fap E\u011fitici Puzzle &#8211; Meyveler ve Sebzeler Serisi"},"content":{"rendered":"<ul>\n<li>3 &#8211; 6 ya\u015f i\u00e7in uygundur.<\/li>\n<li>Masif g\u00fcrgen 8 mm ah\u015fap malzeme kullan\u0131lm\u0131\u015ft\u0131r.<\/li>\n<li>Lazer kesim ile \u00fcretilmektedir.<\/li>\n<li>1mm kraft alt kaidesi bulunmaktad\u0131r. Kaidenin i\u00e7erisinde klavuz olarak par\u00e7a izleri mevcuttur.<\/li>\n<li>\u0130ster kaide i\u00e7inde, istenirse bo\u015f olarak oynanabilir.<\/li>\n<li>Toksik madde, koruyucu ve boya i\u00e7ermemektedir.<\/li>\n<li>Su bazl\u0131 y\u00fczey koruma uygulanm\u0131\u015ft\u0131r.<\/li>\n<li>Sa\u011fl\u0131\u011fa zararl\u0131 maddeler kesinlikle i\u00e7ermez.<\/li>\n<li>Y\u0131kanmaz; silinebilir.<\/li>\n<li>12 cm x 12 cm ebad\u0131ndad\u0131r.<\/li>\n<li>Harfler, Rakamlar, Hayvanlar, Meyveler \u00e7e\u015fitlerimiz vard\u0131r.<\/li>\n<li>Yerli \u00fcretimdir; tasar\u0131m ve \u00fcretim markam\u0131za tescillidir.<\/li>\n<li>El ve zihin becerisini geli\u015ftirir.<\/li>\n<li>Konsantre olma, g\u00f6rsel haf\u0131zay\u0131 g\u00fc\u00e7lendirme, problem \u00e7\u00f6zme yetene\u011fini geli\u015ftirme ve \u00f6z g\u00fcven duygusunun geli\u015fimine katk\u0131 sa\u011flar.<\/li>\n<li>\u00c7ocu\u011funuza nesneleri, hayvanlar\u0131 ve harfleri \u00f6\u011fretmek i\u00e7in kullan\u0131\u015fl\u0131 bir yard\u0131mc\u0131 oyuncakt\u0131r.<\/li>\n<li>K\u00fc\u00e7\u00fck ya\u015ftaki \u00e7ocuklar\u0131m\u0131z\u0131n bu t\u00fcr oyuncaklar\u0131 a\u011f\u0131zlar\u0131na alabilecekleri olas\u0131l\u0131\u011f\u0131 g\u00f6z \u00f6n\u00fcnde bulundurulmu\u015f ve tamamen ah\u015fap do\u011fal hali ile kullan\u0131lm\u0131\u015ft\u0131r.<\/li>\n<li>\u00c7ocuklar\u0131n\u0131z boyas\u0131n diye boyanmam\u0131\u015ft\u0131r. Boya setli \u00e7e\u015fitlerimiz bulunmaktad\u0131r.<\/li>\n<li>\u00dcr\u00fcn \u00e7e\u015fitlili\u011fi : Harfler , Rakamlar, Hayvanlar, Meyveler , Ara\u00e7lar. Boya tak\u0131ml\u0131 setler ile \u00e7ocuklar\u0131n\u0131z renk bilgileri ve boyama becerileri geli\u015ftirilebilir.<\/li>\n<\/ul>\n<p><img loading=\"lazy\" class=\"alignnone size-large wp-image-1253\" src=\"https:\/\/www.1fark.com\/wp-content\/uploads\/2021\/03\/ETIKET-1024x512.jpg\" alt=\"\" width=\"1024\" height=\"512\" srcset=\"https:\/\/1fark.com\/wp-content\/uploads\/2021\/03\/ETIKET-1024x512.jpg 1024w, https:\/\/1fark.com\/wp-content\/uploads\/2021\/03\/ETIKET-300x150.jpg 300w, https:\/\/1fark.com\/wp-content\/uploads\/2021\/03\/ETIKET-768x384.jpg 768w, https:\/\/1fark.com\/wp-content\/uploads\/2021\/03\/ETIKET-600x300.jpg 600w, https:\/\/1fark.com\/wp-content\/uploads\/2021\/03\/ETIKET.jpg 1200w\" sizes=\"(max-width: 1024px) 100vw, 1024px\" \/><\/p>","protected":false},"excerpt":{"rendered":"<ul>\n<li>Puzzle ile e\u011flenelim<\/li>\n<li>E\u011flenerek \u00f6\u011frenelim<\/li>\n<li>Boyanabilir Puzzle.<\/li>\n<li>Boyarken e\u011flenelim<\/li>\n<li>\u00dcr\u00fcnlerimizin boya setli se\u00e7ene\u011fi de bulunmaktad\u0131r. Sipari\u015f verirken belirtiniz.<\/li>\n<\/ul>","protected":false},"featured_media":3697,"comment_status":"open","ping_status":"closed","template":"","meta":[],"_links":{"self":[{"href":"https:\/\/1fark.com\/en\/wp-json\/wp\/v2\/product\/500"}],"collection":[{"href":"https:\/\/1fark.com\/en\/wp-json\/wp\/v2\/product"}],"about":[{"href":"https:\/\/1fark.com\/en\/wp-json\/wp\/v2\/types\/product"}],"replies":[{"embeddable":true,"href":"https:\/\/1fark.com\/en\/wp-json\/wp\/v2\/comments?post=500"}],"wp:featuredmedia":[{"embeddable":true,"href":"https:\/\/1fark.com\/en\/wp-json\/wp\/v2\/media\/3697"}],"wp:attachment":[{"href":"https:\/\/1fark.com\/en\/wp-json\/wp\/v2\/media?parent=500"}],"curies":[{"name":"wp","href":"https:\/\/api.w.org\/{rel}","templated":true}]}}