{"id":534,"date":"2020-09-23T12:34:45","date_gmt":"2020-09-23T12:34:45","guid":{"rendered":"http:\/\/www.1fark.com\/?post_type=product&#038;p=534"},"modified":"2025-12-19T13:58:44","modified_gmt":"2025-12-19T13:58:44","slug":"harfler","status":"publish","type":"product","link":"https:\/\/1fark.com\/en\/product\/harfler\/","title":{"rendered":"Plwood Ah\u015fap Puzzle Alfabe Seti &#8211; Harfler"},"content":{"rendered":"<p>\u00dcr\u00fcn \u00d6zellikleri<\/p>\n<ul>\n<li>4-7 ya\u015f i\u00e7in uygundur.<\/li>\n<li>3mm hu\u015f plywood kullan\u0131lmaktad\u0131r.<\/li>\n<li>Lazer kesim ile \u00fcretilmektedir;<\/li>\n<li>Yerli \u00fcretimdir, tasar\u0131m ve \u00fcretim markam\u0131za tescillidir.<\/li>\n<li>1mm kraft alt kaidesi bulunmaktad\u0131r. Kaidenin i\u00e7erisinde klavuz olarak par\u00e7a izleri mevcuttur.<\/li>\n<li>\u0130ster kaide i\u00e7inde, istenirse bo\u015f olarak oynanabilir.<\/li>\n<li>Toksik madde, koruyucu ve boya i\u00e7ermemektedir.<\/li>\n<li>Sa\u011fl\u0131\u011fa zararl\u0131 maddeler kesinlikle i\u00e7ermez.<\/li>\n<li>Y\u0131kanmaz; silinebilir.<\/li>\n<li>\u00dcr\u00fcn \u00f6l\u00e7\u00fcs\u00fc 12,5 cm x 12,5 cm dir.<\/li>\n<li>Harfler, Rakamlar, Hayvanlar, Meyveler \u00e7e\u015fitlerimiz vard\u0131r.<\/li>\n<li>Set i\u00e7erisinde 29 harf bulunmaktad\u0131r.<\/li>\n<li>El ve zihin becerisi sa\u011flar.<\/li>\n<li>Konsantre olma, g\u00f6rsel haf\u0131zay\u0131 g\u00fc\u00e7lendirme, problem \u00e7\u00f6zme yetene\u011fini geli\u015ftirme ve \u00f6zg\u00fcven duygusunun geli\u015fimine katk\u0131 sa\u011flar.<\/li>\n<li>\u00c7ocu\u011funuza harfleri \u00f6\u011fretmek i\u00e7in kullan\u0131\u015fl\u0131 bir yard\u0131mc\u0131 oyuncakt\u0131r.<\/li>\n<li>Su bazl\u0131 akrilik boya ile boyanabilir.<\/li>\n<li>\u00c7ocuklar\u0131n\u0131z boyas\u0131n diye boyanmam\u0131\u015ft\u0131r. Boya setli \u00e7e\u015fitlerimiz bulunmaktad\u0131r.<\/li>\n<li>Boya setlerinde su bazl\u0131 akrilik boya kullan\u0131lm\u0131\u015ft\u0131r<\/li>\n<li>\u00dcr\u00fcn \u00e7e\u015fitlili\u011fi : Harfler , Rakamlar, Hayvanlar, Meyveler , Ara\u00e7lar. Boya tak\u0131ml\u0131 setler ile \u00e7ocuklar\u0131n\u0131z renk bilgileri ve boyama becerileri geli\u015ftirilebilir.\n<div><\/div>\n<\/li>\n<\/ul>","protected":false},"excerpt":{"rendered":"<ul>\n<li>Puzzle ile e\u011flenelim<\/li>\n<li>E\u011flenerek \u00f6\u011frenelim<\/li>\n<li>Boyanabilir Puzzle.<\/li>\n<li>Boyarken e\u011flenelim<\/li>\n<li>\u00dcr\u00fcnlerimizin boya setli se\u00e7ene\u011fi de bulunmaktad\u0131r. Sipari\u015f verirken belirtiniz.<\/li>\n<\/ul>","protected":false},"featured_media":3630,"comment_status":"open","ping_status":"closed","template":"","meta":[],"_links":{"self":[{"href":"https:\/\/1fark.com\/en\/wp-json\/wp\/v2\/product\/534"}],"collection":[{"href":"https:\/\/1fark.com\/en\/wp-json\/wp\/v2\/product"}],"about":[{"href":"https:\/\/1fark.com\/en\/wp-json\/wp\/v2\/types\/product"}],"replies":[{"embeddable":true,"href":"https:\/\/1fark.com\/en\/wp-json\/wp\/v2\/comments?post=534"}],"wp:featuredmedia":[{"embeddable":true,"href":"https:\/\/1fark.com\/en\/wp-json\/wp\/v2\/media\/3630"}],"wp:attachment":[{"href":"https:\/\/1fark.com\/en\/wp-json\/wp\/v2\/media?parent=534"}],"curies":[{"name":"wp","href":"https:\/\/api.w.org\/{rel}","templated":true}]}}