{"id":710,"date":"2020-11-06T07:33:57","date_gmt":"2020-11-06T07:33:57","guid":{"rendered":"https:\/\/www.1fark.com\/?post_type=product&#038;p=710"},"modified":"2025-05-23T12:13:50","modified_gmt":"2025-05-23T12:13:50","slug":"inek","status":"publish","type":"product","link":"https:\/\/1fark.com\/en\/product\/inek\/","title":{"rendered":"3D Ah\u015fap Maket Hayvanlar"},"content":{"rendered":"<ul>\n<li>4 &#8211; 6\u00a0 ya\u015f i\u00e7in uygundur.<\/li>\n<li>3 mm hu\u015f ah\u015fap plaka kullan\u0131lmaktad\u0131r.<\/li>\n<li>Lazer kesim ile \u00fcretilmektedir.<\/li>\n<li>Toksik madde, koruyucu ve boya i\u00e7ermemektedir.<\/li>\n<li>Sa\u011fl\u0131\u011fa zararl\u0131 maddeler kesinlikle i\u00e7ermez.<\/li>\n<li>Y\u0131kanmaz; silinebilir.<\/li>\n<li>Yerli \u00fcretimdir; tasar\u0131m ve \u00fcretim markam\u0131za tescillidir.<\/li>\n<li>El ve zihin becerisi sa\u011flar.<\/li>\n<li>Konsantre olma, g\u00f6rsel haf\u0131zay\u0131 g\u00fc\u00e7lendirme, problem \u00e7\u00f6zme yetene\u011fini geli\u015ftirme ve \u00f6zg\u00fcven duygusunun geli\u015fimine katk\u0131 sa\u011flar.<\/li>\n<li>2 boyuttan 3 boyuta ge\u00e7i\u015fte alg\u0131 yaratmakta yard\u0131mc\u0131 olup, par\u00e7a b\u00fct\u00fcn ili\u015fkilendirmesi sa\u011flayan 4 par\u00e7al\u0131k maket ile \u00e7ocu\u011funuza hayvanlar\u0131 \u00f6\u011fretmek i\u00e7in kullan\u0131\u015fl\u0131 bir yard\u0131mc\u0131 oyuncakt\u0131r.<\/li>\n<\/ul>\n<p><img loading=\"lazy\" class=\"alignnone size-large wp-image-1253\" src=\"https:\/\/www.1fark.com\/wp-content\/uploads\/2021\/03\/ETIKET-1024x512.jpg\" alt=\"\" width=\"1024\" height=\"512\" srcset=\"https:\/\/1fark.com\/wp-content\/uploads\/2021\/03\/ETIKET-1024x512.jpg 1024w, https:\/\/1fark.com\/wp-content\/uploads\/2021\/03\/ETIKET-300x150.jpg 300w, https:\/\/1fark.com\/wp-content\/uploads\/2021\/03\/ETIKET-768x384.jpg 768w, https:\/\/1fark.com\/wp-content\/uploads\/2021\/03\/ETIKET-600x300.jpg 600w, https:\/\/1fark.com\/wp-content\/uploads\/2021\/03\/ETIKET.jpg 1200w\" sizes=\"(max-width: 1024px) 100vw, 1024px\" \/><\/p>","protected":false},"excerpt":{"rendered":"<ul>\n<li>Maket yaparak 3 boyut alg\u0131s\u0131n\u0131 geli\u015ftirelim.<\/li>\n<li>E\u011flenerek \u00f6\u011frenelim<\/li>\n<li>Boyanabilir puzzle- maket hayvanlar<\/li>\n<li>Boyarken e\u011flenelim<\/li>\n<li>\u00dcr\u00fcnlerimizin boya setli se\u00e7ene\u011fi de bulunmaktad\u0131r. Sipari\u015f verirken belirtiniz.<\/li>\n<\/ul>","protected":false},"featured_media":3696,"comment_status":"open","ping_status":"closed","template":"","meta":[],"_links":{"self":[{"href":"https:\/\/1fark.com\/en\/wp-json\/wp\/v2\/product\/710"}],"collection":[{"href":"https:\/\/1fark.com\/en\/wp-json\/wp\/v2\/product"}],"about":[{"href":"https:\/\/1fark.com\/en\/wp-json\/wp\/v2\/types\/product"}],"replies":[{"embeddable":true,"href":"https:\/\/1fark.com\/en\/wp-json\/wp\/v2\/comments?post=710"}],"wp:featuredmedia":[{"embeddable":true,"href":"https:\/\/1fark.com\/en\/wp-json\/wp\/v2\/media\/3696"}],"wp:attachment":[{"href":"https:\/\/1fark.com\/en\/wp-json\/wp\/v2\/media?parent=710"}],"curies":[{"name":"wp","href":"https:\/\/api.w.org\/{rel}","templated":true}]}}