{"id":922,"date":"2021-11-17T14:46:53","date_gmt":"2021-11-17T14:46:53","guid":{"rendered":"https:\/\/www.1fark.com\/?post_type=product&#038;p=922"},"modified":"2024-10-03T14:00:02","modified_gmt":"2024-10-03T14:00:02","slug":"ahsap-yilbasi-susleri-elmaslar","status":"publish","type":"product","link":"https:\/\/1fark.com\/en\/product\/ahsap-yilbasi-susleri-elmaslar\/","title":{"rendered":"Ah\u015fap Y\u0131lba\u015f\u0131 S\u00fcsleri \u00dc\u00e7 Boyutlu Elmaslar"},"content":{"rendered":"<p>* 3mm hu\u015f kontraplak lazer kesim olarak \u00fcretilmi\u015ftir.<br \/>\n* Akrilik boya ile boyanm\u0131\u015ft\u0131r.<br \/>\n* Yerli \u00fcretimdir.<br \/>\n* Kesilmi\u015f plaka demonte olarak sat\u0131lmaktad\u0131r.<br \/>\n* Kenar r\u00f6tu\u015flar\u0131 i\u00e7in boya seti ile beraber sat\u0131lmaktad\u0131r.<br \/>\n* Ask\u0131 ipleri \u00fcr\u00fcn\u00fcn i\u00e7inde bulunmaktad\u0131r.<br \/>\n* \u00dcr\u00fcn \u00f6l\u00e7\u00fcs\u00fc 4cm 5 adet ayn\u0131 fig\u00fcr ve 6cm 3 adet ayn\u0131 fig\u00fcr olmak \u00fczere iki ayr\u0131 set se\u00e7ene\u011fi bulunmaktad\u0131r.<\/p>","protected":false},"excerpt":{"rendered":"<p>Kendi s\u00fcs\u00fcm\u00fcz\u00fc kendimiz yapal\u0131m<\/p>\n<p>E\u011flenerek zaman ge\u00e7irelim<\/p>\n<p>Do\u011fal ve uzun \u00f6m\u00fcrl\u00fc malzeme olan ah\u015fab\u0131n keyfini ya\u015fayal\u0131m<\/p>\n<p>Yap\u0131\u015ft\u0131r\u0131c\u0131 veya ba\u011flant\u0131 eleman\u0131na gerek olmadan ge\u00e7me sistem ile\u00a0 keyifli bir hobi<\/p>","protected":false},"featured_media":931,"comment_status":"open","ping_status":"closed","template":"","meta":[],"_links":{"self":[{"href":"https:\/\/1fark.com\/en\/wp-json\/wp\/v2\/product\/922"}],"collection":[{"href":"https:\/\/1fark.com\/en\/wp-json\/wp\/v2\/product"}],"about":[{"href":"https:\/\/1fark.com\/en\/wp-json\/wp\/v2\/types\/product"}],"replies":[{"embeddable":true,"href":"https:\/\/1fark.com\/en\/wp-json\/wp\/v2\/comments?post=922"}],"wp:featuredmedia":[{"embeddable":true,"href":"https:\/\/1fark.com\/en\/wp-json\/wp\/v2\/media\/931"}],"wp:attachment":[{"href":"https:\/\/1fark.com\/en\/wp-json\/wp\/v2\/media?parent=922"}],"curies":[{"name":"wp","href":"https:\/\/api.w.org\/{rel}","templated":true}]}}